{"id":4109,"date":"2024-04-22T16:16:17","date_gmt":"2024-04-22T16:16:17","guid":{"rendered":"https:\/\/raluxsolar.com\/2023\/?page_id=4109"},"modified":"2024-04-29T15:33:39","modified_gmt":"2024-04-29T15:33:39","slug":"upperlower","status":"publish","type":"page","link":"https:\/\/raluxsolar.com\/2023\/es\/upperlower\/","title":{"rendered":"Upper+Lower"},"content":{"rendered":"\n<div class=\"wp-block-cover alignfull has-parallax\" style=\"min-height:100px;aspect-ratio:unset;\"><span aria-hidden=\"true\" class=\"wp-block-cover__background has-neve-text-color-background-color has-background-dim-80 has-background-dim\"><\/span><div class=\"wp-block-cover__image-background wp-image-2335 has-parallax\" style=\"background-position:50% 50%;background-image:url(https:\/\/raluxsolar.com\/2023\/wp-content\/uploads\/2024\/02\/instalacion-aerodinamica-ralux.jpg)\"><\/div><div class=\"wp-block-cover__inner-container is-layout-constrained wp-block-cover-is-layout-constrained\">\n<div style=\"height:50px\" aria-hidden=\"true\" class=\"wp-block-spacer\"><\/div>\n\n\n\n<div class=\"wp-block-columns is-layout-flex wp-container-core-columns-is-layout-9d6595d7 wp-block-columns-is-layout-flex\">\n<div class=\"wp-block-column is-layout-flow wp-block-column-is-layout-flow\" style=\"flex-basis:4%\"><\/div>\n\n\n\n<div class=\"wp-block-column is-vertically-aligned-center is-layout-flow wp-block-column-is-layout-flow\" style=\"flex-basis:33.34%\">\n<p class=\"has-text-align-left has-nv-light-bg-color has-text-color has-link-color has-large-font-size wp-elements-b5582914da512c8eb7e6ee3db5934e4f\" style=\"font-style:normal;font-weight:600;text-transform:uppercase\">UPPER+LOWER<\/p>\n<\/div>\n\n\n\n<div class=\"wp-block-column is-layout-flow wp-block-column-is-layout-flow\" style=\"flex-basis:5%\"><\/div>\n<\/div>\n<\/div><\/div>\n\n\n\n<div class=\"wp-block-cover alignfull\"><span aria-hidden=\"true\" class=\"wp-block-cover__background has-nv-site-bg-background-color has-background-dim-80 has-background-dim\"><\/span><img loading=\"lazy\" decoding=\"async\" width=\"2000\" height=\"1125\" class=\"wp-block-cover__image-background wp-image-2335\" alt=\"\" src=\"https:\/\/raluxsolar.com\/2023\/wp-content\/uploads\/2024\/02\/instalacion-aerodinamica-ralux.jpg\" style=\"object-position:100% 63%\" data-object-fit=\"cover\" data-object-position=\"100% 63%\" srcset=\"https:\/\/raluxsolar.com\/2023\/wp-content\/uploads\/2024\/02\/instalacion-aerodinamica-ralux.jpg 2000w, https:\/\/raluxsolar.com\/2023\/wp-content\/uploads\/2024\/02\/instalacion-aerodinamica-ralux-300x169.jpg 300w, https:\/\/raluxsolar.com\/2023\/wp-content\/uploads\/2024\/02\/instalacion-aerodinamica-ralux-1024x576.jpg 1024w, https:\/\/raluxsolar.com\/2023\/wp-content\/uploads\/2024\/02\/instalacion-aerodinamica-ralux-768x432.jpg 768w, https:\/\/raluxsolar.com\/2023\/wp-content\/uploads\/2024\/02\/instalacion-aerodinamica-ralux-1536x864.jpg 1536w\" sizes=\"auto, (max-width: 2000px) 100vw, 2000px\" \/><div class=\"wp-block-cover__inner-container is-layout-constrained wp-block-cover-is-layout-constrained\">\n<div class=\"wp-block-columns are-vertically-aligned-center is-layout-flex wp-container-core-columns-is-layout-9d6595d7 wp-block-columns-is-layout-flex\">\n<div class=\"wp-block-column is-vertically-aligned-center is-layout-flow wp-block-column-is-layout-flow\" style=\"flex-basis:70%\">\n<figure class=\"wp-block-image size-large is-resized\"><img loading=\"lazy\" decoding=\"async\" width=\"1024\" height=\"576\" src=\"https:\/\/raluxsolar.com\/2023\/wp-content\/uploads\/2024\/02\/upperlower-ralux-solar-1024x576.png\" alt=\"\" class=\"wp-image-2430\" style=\"width:667px;height:auto\" srcset=\"https:\/\/raluxsolar.com\/2023\/wp-content\/uploads\/2024\/02\/upperlower-ralux-solar-1024x576.png 1024w, https:\/\/raluxsolar.com\/2023\/wp-content\/uploads\/2024\/02\/upperlower-ralux-solar-300x169.png 300w, https:\/\/raluxsolar.com\/2023\/wp-content\/uploads\/2024\/02\/upperlower-ralux-solar-768x432.png 768w, https:\/\/raluxsolar.com\/2023\/wp-content\/uploads\/2024\/02\/upperlower-ralux-solar-1536x864.png 1536w, https:\/\/raluxsolar.com\/2023\/wp-content\/uploads\/2024\/02\/upperlower-ralux-solar.png 1920w\" sizes=\"auto, (max-width: 1024px) 100vw, 1024px\" \/><\/figure>\n<\/div>\n\n\n\n<div class=\"wp-block-column is-vertically-aligned-center is-layout-flow wp-block-column-is-layout-flow\" style=\"flex-basis:30%\">\n<ul style=\"font-style:normal;font-weight:600;text-transform:uppercase\" class=\"is-style-none has-nv-site-bg-color has-text-color has-medium-font-size coblocks-animate wp-block-list\" data-coblocks-animation=\"slideInRight\">\n<li class=\"triangular4\">item 1<\/li>\n\n\n\n<li class=\"triangular3\">item 2 item 2<\/li>\n\n\n\n<li class=\"triangular2\">item 3<\/li>\n\n\n\n<li class=\"triangular1\">item 4 item 4 item 4<\/li>\n<\/ul>\n<\/div>\n<\/div>\n<\/div><\/div>\n\n\n\n<div class=\"wp-block-cover alignfull\"><span aria-hidden=\"true\" class=\"wp-block-cover__background has-nv-site-bg-background-color has-background-dim-100 has-background-dim\"><\/span><div class=\"wp-block-cover__inner-container is-layout-constrained wp-block-cover-is-layout-constrained\">\n<div style=\"height:40px\" aria-hidden=\"true\" class=\"wp-block-spacer\"><\/div>\n\n\n\n<div class=\"wp-block-columns are-vertically-aligned-center is-layout-flex wp-container-core-columns-is-layout-9d6595d7 wp-block-columns-is-layout-flex\">\n<div class=\"wp-block-column is-layout-flow wp-block-column-is-layout-flow\" style=\"flex-basis:10%\"><\/div>\n\n\n\n<div class=\"wp-block-column is-vertically-aligned-center coblocks-animate is-layout-flow wp-block-column-is-layout-flow\" style=\"flex-basis:40%\" data-coblocks-animation=\"slideInLeft\">\n<p class=\"has-neve-text-color-color has-text-color has-link-color coblocks-animate wp-elements-b16ab41ed290129b2d8630c2ed54bb25\" data-coblocks-animation=\"slideInLeft\"><strong><strong>El sistema Upper + Lower es la soluci\u00f3n ideal para la instalaci\u00f3n de paneles fotovoltaicos dispuestos horizontalmente con una inclinaci\u00f3n de 8\u00b0. A trav\u00e9s de un innovador sistema de ajuste del componente superior, el sistema permite instalarlo con todos los paneles fotovoltaicos del mercado en total conformidad con el manual del fabricante.<\/strong><\/strong><\/p>\n<\/div>\n\n\n\n<div class=\"wp-block-column is-vertically-aligned-center coblocks-animate is-layout-flow wp-block-column-is-layout-flow\" style=\"flex-basis:40%\" data-coblocks-animation=\"slideInRight\">\n<figure class=\"wp-block-video coblocks-animate\" data-coblocks-animation=\"slideInRight\"><video height=\"1080\" style=\"aspect-ratio: 1920 \/ 1080;\" width=\"1920\" controls src=\"https:\/\/raluxsolar.com\/2023\/wp-content\/uploads\/2024\/02\/banner-ralux-solar.mp4\"><\/video><\/figure>\n<\/div>\n\n\n\n<div class=\"wp-block-column is-layout-flow wp-block-column-is-layout-flow\" style=\"flex-basis:10%\"><\/div>\n<\/div>\n<\/div><\/div>\n\n\n\n<div class=\"wp-block-cover alignfull\" style=\"min-height:251px;aspect-ratio:unset;\"><span aria-hidden=\"true\" class=\"wp-block-cover__background has-nv-light-bg-background-color has-background-dim-100 has-background-dim\"><\/span><div class=\"wp-block-cover__inner-container is-layout-constrained wp-block-cover-is-layout-constrained\">\n<div class=\"wp-block-columns are-vertically-aligned-center is-layout-flex wp-container-core-columns-is-layout-9d6595d7 wp-block-columns-is-layout-flex\">\n<div class=\"wp-block-column is-layout-flow wp-block-column-is-layout-flow\" style=\"flex-basis:10%\"><\/div>\n\n\n\n<div class=\"wp-block-column is-vertically-aligned-center coblocks-animate is-layout-flow wp-block-column-is-layout-flow\" style=\"flex-basis:40%\" data-coblocks-animation=\"slideInLeft\">\n<figure class=\"wp-block-image size-large coblocks-animate\" data-coblocks-animation=\"slideInLeft\"><img loading=\"lazy\" decoding=\"async\" width=\"1024\" height=\"576\" src=\"https:\/\/raluxsolar.com\/2023\/wp-content\/uploads\/2024\/02\/upperlower-v2-ralux-solar-1024x576.png\" alt=\"\" class=\"wp-image-2433\" srcset=\"https:\/\/raluxsolar.com\/2023\/wp-content\/uploads\/2024\/02\/upperlower-v2-ralux-solar-1024x576.png 1024w, https:\/\/raluxsolar.com\/2023\/wp-content\/uploads\/2024\/02\/upperlower-v2-ralux-solar-300x169.png 300w, https:\/\/raluxsolar.com\/2023\/wp-content\/uploads\/2024\/02\/upperlower-v2-ralux-solar-768x432.png 768w, https:\/\/raluxsolar.com\/2023\/wp-content\/uploads\/2024\/02\/upperlower-v2-ralux-solar-1536x864.png 1536w, https:\/\/raluxsolar.com\/2023\/wp-content\/uploads\/2024\/02\/upperlower-v2-ralux-solar.png 1920w\" sizes=\"auto, (max-width: 1024px) 100vw, 1024px\" \/><\/figure>\n<\/div>\n\n\n\n<div class=\"wp-block-column is-vertically-aligned-center coblocks-animate is-layout-flow wp-block-column-is-layout-flow\" style=\"flex-basis:40%\" data-coblocks-animation=\"slideInRight\">\n<p class=\"has-neve-text-color-color has-text-color has-link-color coblocks-animate wp-elements-97fae3c546d3e04931271d9f4d45d311\" data-coblocks-animation=\"slideInRight\"><strong><strong>El sistema se puede utilizar tanto para orientar los paneles hacia el sur, como para una configuraci\u00f3n este-oeste. Tambi\u00e9n existen alfombras de goma EPDM para instalaciones en cubiertas con revestimiento epoxic o TPO que permiten mantener el revestimiento intacto incluso en el caso de contrapesos considerables.<\/strong><\/strong><\/p>\n<\/div>\n\n\n\n<div class=\"wp-block-column is-layout-flow wp-block-column-is-layout-flow\" style=\"flex-basis:10%\"><\/div>\n<\/div>\n<\/div><\/div>\n\n\n\n<div class=\"wp-block-cover alignfull has-parallax has-custom-content-position is-position-bottom-center is-style-default\" style=\"min-height:61px;aspect-ratio:unset;\"><span aria-hidden=\"true\" class=\"wp-block-cover__background has-nv-site-bg-background-color has-background-dim-90 has-background-dim\"><\/span><div class=\"wp-block-cover__image-background wp-image-2188 has-parallax\" style=\"background-position:50% 50%;background-image:url(https:\/\/raluxsolar.com\/2023\/wp-content\/uploads\/2024\/02\/paneles-solares-aerodinamicos-ralux.png)\"><\/div><div class=\"wp-block-cover__inner-container is-layout-constrained wp-block-cover-is-layout-constrained\">\n<div style=\"height:30px\" aria-hidden=\"true\" class=\"wp-block-spacer\"><\/div>\n\n\n\n<div class=\"wp-block-columns alignfull is-style-default is-layout-flex wp-container-core-columns-is-layout-829b1d53 wp-block-columns-is-layout-flex\" style=\"margin-bottom:0\">\n<div class=\"wp-block-column is-vertically-aligned-center has-text-color has-link-color wp-elements-df2ca39dee622ebd88be9175241a83b0 is-layout-flow wp-block-column-is-layout-flow\" style=\"color:#000000;padding-top:0em;padding-right:0em;padding-bottom:0em;padding-left:0em;flex-basis:33%\">\n<div class=\"wp-block-cover is-style-default\" style=\"min-height:50px;aspect-ratio:unset;\"><span aria-hidden=\"true\" class=\"wp-block-cover__background has-neve-link-color-background-color has-background-dim\"><\/span><img loading=\"lazy\" decoding=\"async\" width=\"1920\" height=\"1080\" class=\"wp-block-cover__image-background wp-image-2453\" alt=\"\" src=\"https:\/\/raluxsolar.com\/2023\/wp-content\/uploads\/2024\/02\/CUBIERTAS-INCLINADAS.jpg\" data-object-fit=\"cover\" srcset=\"https:\/\/raluxsolar.com\/2023\/wp-content\/uploads\/2024\/02\/CUBIERTAS-INCLINADAS.jpg 1920w, https:\/\/raluxsolar.com\/2023\/wp-content\/uploads\/2024\/02\/CUBIERTAS-INCLINADAS-300x169.jpg 300w, https:\/\/raluxsolar.com\/2023\/wp-content\/uploads\/2024\/02\/CUBIERTAS-INCLINADAS-1024x576.jpg 1024w, https:\/\/raluxsolar.com\/2023\/wp-content\/uploads\/2024\/02\/CUBIERTAS-INCLINADAS-768x432.jpg 768w, https:\/\/raluxsolar.com\/2023\/wp-content\/uploads\/2024\/02\/CUBIERTAS-INCLINADAS-1536x864.jpg 1536w\" sizes=\"auto, (max-width: 1920px) 100vw, 1920px\" \/><div class=\"wp-block-cover__inner-container is-layout-constrained wp-block-cover-is-layout-constrained\">\n<div class=\"wp-block-buttons is-horizontal is-content-justification-center is-layout-flex wp-container-core-buttons-is-layout-9393892f wp-block-buttons-is-layout-flex\">\n<div class=\"wp-block-button has-custom-width wp-block-button__width-100 is-style-secondary\"><a class=\"wp-block-button__link has-white-color has-text-color no-border-radius wp-element-button\">FICHA T\u00c9CNICA<\/a><\/div>\n<\/div>\n<\/div><\/div>\n<\/div>\n\n\n\n<div class=\"wp-block-column is-vertically-aligned-center has-text-color has-link-color wp-elements-5ec4ad9352cca8fc5618f354b2f5a293 is-layout-flow wp-block-column-is-layout-flow\" style=\"color:#000000;padding-top:0em;padding-right:0em;padding-bottom:0em;padding-left:0em;flex-basis:33%\">\n<div class=\"wp-block-cover is-style-default\" style=\"min-height:50px;aspect-ratio:unset;\"><span aria-hidden=\"true\" class=\"wp-block-cover__background has-neve-link-color-background-color has-background-dim\"><\/span><img loading=\"lazy\" decoding=\"async\" width=\"1920\" height=\"1080\" class=\"wp-block-cover__image-background wp-image-2453\" alt=\"\" src=\"https:\/\/raluxsolar.com\/2023\/wp-content\/uploads\/2024\/02\/CUBIERTAS-INCLINADAS.jpg\" data-object-fit=\"cover\" srcset=\"https:\/\/raluxsolar.com\/2023\/wp-content\/uploads\/2024\/02\/CUBIERTAS-INCLINADAS.jpg 1920w, https:\/\/raluxsolar.com\/2023\/wp-content\/uploads\/2024\/02\/CUBIERTAS-INCLINADAS-300x169.jpg 300w, https:\/\/raluxsolar.com\/2023\/wp-content\/uploads\/2024\/02\/CUBIERTAS-INCLINADAS-1024x576.jpg 1024w, https:\/\/raluxsolar.com\/2023\/wp-content\/uploads\/2024\/02\/CUBIERTAS-INCLINADAS-768x432.jpg 768w, https:\/\/raluxsolar.com\/2023\/wp-content\/uploads\/2024\/02\/CUBIERTAS-INCLINADAS-1536x864.jpg 1536w\" sizes=\"auto, (max-width: 1920px) 100vw, 1920px\" \/><div class=\"wp-block-cover__inner-container is-layout-constrained wp-block-cover-is-layout-constrained\">\n<div class=\"wp-block-buttons is-horizontal is-content-justification-center is-layout-flex wp-container-core-buttons-is-layout-9393892f wp-block-buttons-is-layout-flex\">\n<div class=\"wp-block-button has-custom-width wp-block-button__width-100 is-style-secondary\"><a class=\"wp-block-button__link has-white-color has-text-color no-border-radius wp-element-button\">DETALLES DEL PRODUCTO<\/a><\/div>\n<\/div>\n<\/div><\/div>\n<\/div>\n\n\n\n<div class=\"wp-block-column is-vertically-aligned-center has-text-color has-link-color wp-elements-dc3bb6c1124740fb3c3759e70105a763 is-layout-flow wp-block-column-is-layout-flow\" style=\"border-style:none;border-width:0px;color:#000000;padding-top:0em;padding-right:var(--wp--preset--spacing--20);padding-bottom:0em;padding-left:var(--wp--preset--spacing--20);flex-basis:33%\">\n<div class=\"wp-block-cover is-style-default\" style=\"min-height:50px;aspect-ratio:unset;\"><span aria-hidden=\"true\" class=\"wp-block-cover__background has-neve-link-color-background-color has-background-dim\"><\/span><img loading=\"lazy\" decoding=\"async\" width=\"1920\" height=\"1080\" class=\"wp-block-cover__image-background wp-image-2453\" alt=\"\" src=\"https:\/\/raluxsolar.com\/2023\/wp-content\/uploads\/2024\/02\/CUBIERTAS-INCLINADAS.jpg\" data-object-fit=\"cover\" srcset=\"https:\/\/raluxsolar.com\/2023\/wp-content\/uploads\/2024\/02\/CUBIERTAS-INCLINADAS.jpg 1920w, https:\/\/raluxsolar.com\/2023\/wp-content\/uploads\/2024\/02\/CUBIERTAS-INCLINADAS-300x169.jpg 300w, https:\/\/raluxsolar.com\/2023\/wp-content\/uploads\/2024\/02\/CUBIERTAS-INCLINADAS-1024x576.jpg 1024w, https:\/\/raluxsolar.com\/2023\/wp-content\/uploads\/2024\/02\/CUBIERTAS-INCLINADAS-768x432.jpg 768w, https:\/\/raluxsolar.com\/2023\/wp-content\/uploads\/2024\/02\/CUBIERTAS-INCLINADAS-1536x864.jpg 1536w\" sizes=\"auto, (max-width: 1920px) 100vw, 1920px\" \/><div class=\"wp-block-cover__inner-container is-layout-constrained wp-block-cover-is-layout-constrained\">\n<div class=\"wp-block-buttons is-horizontal is-content-justification-center is-layout-flex wp-container-core-buttons-is-layout-9393892f wp-block-buttons-is-layout-flex\">\n<div class=\"wp-block-button has-custom-width wp-block-button__width-100 is-style-secondary\"><a class=\"wp-block-button__link has-white-color has-text-color no-border-radius wp-element-button\">MANUAL DE INSTALACI\u00d3N<\/a><\/div>\n<\/div>\n<\/div><\/div>\n<\/div>\n<\/div>\n\n\n\n<div style=\"height:30px\" aria-hidden=\"true\" class=\"wp-block-spacer\"><\/div>\n<\/div><\/div>\n\n\n\n<div class=\"wp-block-cover alignfull has-parallax has-custom-content-position is-position-bottom-center is-style-default\" style=\"min-height:200px;aspect-ratio:unset;\"><span aria-hidden=\"true\" class=\"wp-block-cover__background has-nv-site-bg-background-color has-background-dim-90 has-background-dim\"><\/span><div class=\"wp-block-cover__image-background wp-image-2188 has-parallax\" style=\"background-position:50% 50%;background-image:url(https:\/\/raluxsolar.com\/2023\/wp-content\/uploads\/2024\/02\/paneles-solares-aerodinamicos-ralux.png)\"><\/div><div class=\"wp-block-cover__inner-container is-layout-constrained wp-block-cover-is-layout-constrained\">\n<div class=\"wp-block-columns alignwide are-vertically-aligned-top is-style-default is-layout-flex wp-container-core-columns-is-layout-829b1d53 wp-block-columns-is-layout-flex\" style=\"margin-bottom:0\">\n<div class=\"wp-block-column is-vertically-aligned-top has-text-color has-link-color wp-elements-6d120d966d50e6c6beba2a5680e3da67 is-layout-flow wp-block-column-is-layout-flow\" style=\"border-style:none;border-width:0px;color:#000000;padding-top:0em;padding-right:var(--wp--preset--spacing--20);padding-bottom:0em;padding-left:var(--wp--preset--spacing--20);flex-basis:30%\">\n<div class=\"wp-block-cover has-custom-content-position is-position-bottom-center is-style-default\" style=\"min-height:260px;aspect-ratio:unset;\"><span aria-hidden=\"true\" class=\"wp-block-cover__background has-nv-site-bg-background-color has-background-dim-0 has-background-dim\"><\/span><img loading=\"lazy\" decoding=\"async\" width=\"1920\" height=\"1080\" class=\"wp-block-cover__image-background wp-image-2433\" alt=\"\" src=\"https:\/\/raluxsolar.com\/2023\/wp-content\/uploads\/2024\/02\/upperlower-v2-ralux-solar.png\" data-object-fit=\"cover\" srcset=\"https:\/\/raluxsolar.com\/2023\/wp-content\/uploads\/2024\/02\/upperlower-v2-ralux-solar.png 1920w, https:\/\/raluxsolar.com\/2023\/wp-content\/uploads\/2024\/02\/upperlower-v2-ralux-solar-300x169.png 300w, https:\/\/raluxsolar.com\/2023\/wp-content\/uploads\/2024\/02\/upperlower-v2-ralux-solar-1024x576.png 1024w, https:\/\/raluxsolar.com\/2023\/wp-content\/uploads\/2024\/02\/upperlower-v2-ralux-solar-768x432.png 768w, https:\/\/raluxsolar.com\/2023\/wp-content\/uploads\/2024\/02\/upperlower-v2-ralux-solar-1536x864.png 1536w\" sizes=\"auto, (max-width: 1920px) 100vw, 1920px\" \/><div class=\"wp-block-cover__inner-container is-layout-constrained wp-block-cover-is-layout-constrained\">\n<div class=\"wp-block-buttons is-horizontal is-content-justification-center is-layout-flex wp-container-core-buttons-is-layout-1891d752 wp-block-buttons-is-layout-flex\">\n<div class=\"wp-block-button has-custom-width wp-block-button__width-100\"><a class=\"wp-block-button__link has-white-color has-text-color has-background no-border-radius wp-element-button\" style=\"background-color:#000000\">ENTRAR<\/a><\/div>\n<\/div>\n<\/div><\/div>\n<\/div>\n\n\n\n<div class=\"wp-block-column is-vertically-aligned-top has-text-color has-link-color wp-elements-51e698c9c51162d5603d383509e08dac is-layout-flow wp-block-column-is-layout-flow\" style=\"color:#000000;padding-top:0em;padding-right:0em;padding-bottom:0em;padding-left:0em;flex-basis:30%\">\n<div class=\"wp-block-cover has-custom-content-position is-position-bottom-center is-style-default\" style=\"min-height:260px;aspect-ratio:unset;\"><span aria-hidden=\"true\" class=\"wp-block-cover__background has-nv-site-bg-background-color has-background-dim-0 has-background-dim\"><\/span><img loading=\"lazy\" decoding=\"async\" width=\"1920\" height=\"1080\" class=\"wp-block-cover__image-background wp-image-2551\" alt=\"\" src=\"https:\/\/raluxsolar.com\/2023\/wp-content\/uploads\/2024\/02\/aeroalto-ralux-solar.png\" data-object-fit=\"cover\" srcset=\"https:\/\/raluxsolar.com\/2023\/wp-content\/uploads\/2024\/02\/aeroalto-ralux-solar.png 1920w, https:\/\/raluxsolar.com\/2023\/wp-content\/uploads\/2024\/02\/aeroalto-ralux-solar-300x169.png 300w, https:\/\/raluxsolar.com\/2023\/wp-content\/uploads\/2024\/02\/aeroalto-ralux-solar-1024x576.png 1024w, https:\/\/raluxsolar.com\/2023\/wp-content\/uploads\/2024\/02\/aeroalto-ralux-solar-768x432.png 768w, https:\/\/raluxsolar.com\/2023\/wp-content\/uploads\/2024\/02\/aeroalto-ralux-solar-1536x864.png 1536w\" sizes=\"auto, (max-width: 1920px) 100vw, 1920px\" \/><div class=\"wp-block-cover__inner-container is-layout-constrained wp-block-cover-is-layout-constrained\">\n<div class=\"wp-block-buttons is-horizontal is-content-justification-center is-layout-flex wp-container-core-buttons-is-layout-1891d752 wp-block-buttons-is-layout-flex\">\n<div class=\"wp-block-button has-custom-width wp-block-button__width-100\"><a class=\"wp-block-button__link has-white-color has-text-color has-background no-border-radius wp-element-button\" style=\"background-color:#000000\">ENTRAR<\/a><\/div>\n<\/div>\n<\/div><\/div>\n<\/div>\n\n\n\n<div class=\"wp-block-column is-vertically-aligned-top has-text-color has-link-color wp-elements-6d120d966d50e6c6beba2a5680e3da67 is-layout-flow wp-block-column-is-layout-flow\" style=\"border-style:none;border-width:0px;color:#000000;padding-top:0em;padding-right:var(--wp--preset--spacing--20);padding-bottom:0em;padding-left:var(--wp--preset--spacing--20);flex-basis:30%\">\n<div class=\"wp-block-cover has-custom-content-position is-position-bottom-center is-style-default\" style=\"min-height:260px;aspect-ratio:unset;\"><span aria-hidden=\"true\" class=\"wp-block-cover__background has-nv-site-bg-background-color has-background-dim-0 has-background-dim\"><\/span><img loading=\"lazy\" decoding=\"async\" width=\"1920\" height=\"1080\" class=\"wp-block-cover__image-background wp-image-2433\" alt=\"\" src=\"https:\/\/raluxsolar.com\/2023\/wp-content\/uploads\/2024\/02\/upperlower-v2-ralux-solar.png\" data-object-fit=\"cover\" srcset=\"https:\/\/raluxsolar.com\/2023\/wp-content\/uploads\/2024\/02\/upperlower-v2-ralux-solar.png 1920w, https:\/\/raluxsolar.com\/2023\/wp-content\/uploads\/2024\/02\/upperlower-v2-ralux-solar-300x169.png 300w, https:\/\/raluxsolar.com\/2023\/wp-content\/uploads\/2024\/02\/upperlower-v2-ralux-solar-1024x576.png 1024w, https:\/\/raluxsolar.com\/2023\/wp-content\/uploads\/2024\/02\/upperlower-v2-ralux-solar-768x432.png 768w, https:\/\/raluxsolar.com\/2023\/wp-content\/uploads\/2024\/02\/upperlower-v2-ralux-solar-1536x864.png 1536w\" sizes=\"auto, (max-width: 1920px) 100vw, 1920px\" \/><div class=\"wp-block-cover__inner-container is-layout-constrained wp-block-cover-is-layout-constrained\">\n<div class=\"wp-block-buttons is-horizontal is-content-justification-center is-layout-flex wp-container-core-buttons-is-layout-1891d752 wp-block-buttons-is-layout-flex\">\n<div class=\"wp-block-button has-custom-width wp-block-button__width-100\"><a class=\"wp-block-button__link has-white-color has-text-color has-background no-border-radius wp-element-button\" style=\"background-color:#000000\">ENTRAR<\/a><\/div>\n<\/div>\n<\/div><\/div>\n<\/div>\n<\/div>\n\n\n\n<div style=\"height:30px\" aria-hidden=\"true\" class=\"wp-block-spacer\"><\/div>\n<\/div><\/div>\n","protected":false},"excerpt":{"rendered":"","protected":false},"author":1,"featured_media":0,"parent":0,"menu_order":0,"comment_status":"closed","ping_status":"closed","template":"","meta":{"_editorskit_title_hidden":false,"_editorskit_reading_time":0,"_editorskit_is_block_options_detached":false,"_editorskit_block_options_position":"{}","_coblocks_attr":"","_coblocks_dimensions":"","_coblocks_responsive_height":"","_coblocks_accordion_ie_support":"","neve_meta_sidebar":"","neve_meta_container":"","neve_meta_enable_content_width":"","neve_meta_content_width":0,"neve_meta_title_alignment":"","neve_meta_author_avatar":"","neve_post_elements_order":"","neve_meta_disable_header":"","neve_meta_disable_footer":"","neve_meta_disable_title":"on","neve_meta_reading_time":"","footnotes":""},"class_list":["post-4109","page","type-page","status-publish","hentry"],"_links":{"self":[{"href":"https:\/\/raluxsolar.com\/2023\/es\/wp-json\/wp\/v2\/pages\/4109","targetHints":{"allow":["GET"]}}],"collection":[{"href":"https:\/\/raluxsolar.com\/2023\/es\/wp-json\/wp\/v2\/pages"}],"about":[{"href":"https:\/\/raluxsolar.com\/2023\/es\/wp-json\/wp\/v2\/types\/page"}],"author":[{"embeddable":true,"href":"https:\/\/raluxsolar.com\/2023\/es\/wp-json\/wp\/v2\/users\/1"}],"replies":[{"embeddable":true,"href":"https:\/\/raluxsolar.com\/2023\/es\/wp-json\/wp\/v2\/comments?post=4109"}],"version-history":[{"count":6,"href":"https:\/\/raluxsolar.com\/2023\/es\/wp-json\/wp\/v2\/pages\/4109\/revisions"}],"predecessor-version":[{"id":4280,"href":"https:\/\/raluxsolar.com\/2023\/es\/wp-json\/wp\/v2\/pages\/4109\/revisions\/4280"}],"wp:attachment":[{"href":"https:\/\/raluxsolar.com\/2023\/es\/wp-json\/wp\/v2\/media?parent=4109"}],"curies":[{"name":"wp","href":"https:\/\/api.w.org\/{rel}","templated":true}]}}