{"id":3089,"date":"2023-12-13T14:11:58","date_gmt":"2023-12-13T14:11:58","guid":{"rendered":"https:\/\/raluxsolar.com\/2023\/?page_id=3089"},"modified":"2024-02-20T14:53:48","modified_gmt":"2024-02-20T14:53:48","slug":"company","status":"publish","type":"page","link":"https:\/\/raluxsolar.com\/2023\/en\/company\/","title":{"rendered":"Company"},"content":{"rendered":"\n<div class=\"wp-block-cover alignfull has-custom-content-position is-position-top-left\" style=\"margin-top:0;padding-top:5vw;padding-right:5vw;padding-bottom:5vw;padding-left:5vw;min-height:307px;aspect-ratio:unset;\"><span aria-hidden=\"true\" class=\"wp-block-cover__background has-background-dim-90 has-background-dim wp-block-cover__gradient-background has-background-gradient\" style=\"background:linear-gradient(135deg,rgb(0,0,0) 18%,rgba(0,0,0,0.1) 86%)\"><\/span><img loading=\"lazy\" decoding=\"async\" width=\"2560\" height=\"1920\" class=\"wp-block-cover__image-background wp-image-1555\" alt=\"\" src=\"https:\/\/raluxsolar.com\/2023\/wp-content\/uploads\/2024\/01\/IMG_20240109_143004-scaled.jpg\" style=\"object-position:54% 35%\" data-object-fit=\"cover\" data-object-position=\"54% 35%\" srcset=\"https:\/\/raluxsolar.com\/2023\/wp-content\/uploads\/2024\/01\/IMG_20240109_143004-scaled.jpg 2560w, https:\/\/raluxsolar.com\/2023\/wp-content\/uploads\/2024\/01\/IMG_20240109_143004-300x225.jpg 300w, https:\/\/raluxsolar.com\/2023\/wp-content\/uploads\/2024\/01\/IMG_20240109_143004-1024x768.jpg 1024w, https:\/\/raluxsolar.com\/2023\/wp-content\/uploads\/2024\/01\/IMG_20240109_143004-768x576.jpg 768w, https:\/\/raluxsolar.com\/2023\/wp-content\/uploads\/2024\/01\/IMG_20240109_143004-1536x1152.jpg 1536w, https:\/\/raluxsolar.com\/2023\/wp-content\/uploads\/2024\/01\/IMG_20240109_143004-2048x1536.jpg 2048w\" sizes=\"auto, (max-width: 2560px) 100vw, 2560px\" \/><div class=\"wp-block-cover__inner-container is-layout-flow wp-block-cover-is-layout-flow\">\n<div class=\"wp-block-group wp-container-content-9cfa9a5a is-vertical is-content-justification-center is-nowrap is-layout-flex wp-container-core-group-is-layout-dbfe2e5c wp-block-group-is-layout-flex\"><\/div>\n<\/div><\/div>\n\n\n\n<div class=\"wp-block-cover alignfull has-parallax\" style=\"min-height:300px;aspect-ratio:unset;\"><span aria-hidden=\"true\" class=\"wp-block-cover__background has-nv-light-bg-background-color has-background-dim-90 has-background-dim\"><\/span><div role=\"img\" class=\"wp-block-cover__image-background wp-image-299 has-parallax\" style=\"background-position:50% 50%;background-image:url(https:\/\/raluxsolar.com\/2023\/wp-content\/uploads\/2023\/12\/logo-negro.png)\"><\/div><div class=\"wp-block-cover__inner-container is-layout-constrained wp-block-cover-is-layout-constrained\">\n<div class=\"wp-block-columns alignfull are-vertically-aligned-center is-layout-flex wp-container-core-columns-is-layout-9d6595d7 wp-block-columns-is-layout-flex\">\n<div class=\"wp-block-column is-layout-flow wp-block-column-is-layout-flow\" style=\"flex-basis:5%\"><\/div>\n\n\n\n<div class=\"wp-block-column is-vertically-aligned-center has-neve-text-color-color has-text-color has-link-color wp-elements-d40066f60464cd6a3582b276dcea9a5e\" style=\"flex-basis:90%\">\n<div style=\"height:30px\" aria-hidden=\"true\" class=\"wp-block-spacer\"><\/div>\n\n\n\n<p class=\"has-text-align-center has-medium-font-size\"><strong>Ralux Solar\u00ae\u00a0<\/strong>is an Italian manufacturer of mounting structures for photovoltaic projects with a significant presence in\u00a0<strong>Italy, United States, Mexico, Colombia<\/strong>\u00a0and the\u00a0<strong>Dominican Republic<\/strong>. Built on the many years of experience of its engineers and the use of state-of-the-art machinery,\u00a0<strong>Ralux Solar\u00ae\u00a0<\/strong>offers state-of-the-art technical solutions for all residential, commercial and utility scale installations. In addition, thanks to the presence of highly specialized staff,\u00a0and a great trajectory,\u00a0<strong>Ralux Solar\u00ae\u00a0<\/strong>has reached acquired account positioned itself in a level of excellence that has allowed it to become a partner of panorama industries (worldwide scale) for which product and service warranty are fundamental requirements.<\/p>\n<\/div>\n\n\n\n<div class=\"wp-block-column is-layout-flow wp-block-column-is-layout-flow\" style=\"flex-basis:5%\"><\/div>\n<\/div>\n<\/div><\/div>\n\n\n\n<div class=\"wp-block-columns is-layout-flex wp-container-core-columns-is-layout-9d6595d7 wp-block-columns-is-layout-flex\">\n<div class=\"wp-block-column is-layout-flow wp-block-column-is-layout-flow\">\n<div class=\"wp-block-group\"><div class=\"wp-block-group__inner-container is-layout-constrained wp-block-group-is-layout-constrained\"><div class=\"wp-block-image\">\n<figure class=\"aligncenter size-full is-resized\"><img loading=\"lazy\" decoding=\"async\" width=\"300\" height=\"300\" src=\"https:\/\/raluxsolar.com\/2023\/wp-content\/uploads\/2023\/12\/ralux-solar-prestigio.png\" alt=\"\" class=\"wp-image-286\" style=\"width:125px;height:auto\" srcset=\"https:\/\/raluxsolar.com\/2023\/wp-content\/uploads\/2023\/12\/ralux-solar-prestigio.png 300w, https:\/\/raluxsolar.com\/2023\/wp-content\/uploads\/2023\/12\/ralux-solar-prestigio-150x150.png 150w\" sizes=\"auto, (max-width: 300px) 100vw, 300px\" \/><\/figure>\n<\/div>\n\n\n<h3 class=\"wp-block-heading has-text-align-center has-neve-link-color-color has-text-color has-link-color has-x-large-font-size wp-elements-e7488148103a0fb1bb42f25a3f2ccbce\">25<\/h3>\n\n\n\n<p class=\"has-text-align-center has-medium-font-size\">Years of warranty<\/p>\n<\/div><\/div>\n<\/div>\n\n\n\n<div class=\"wp-block-column is-layout-flow wp-block-column-is-layout-flow\">\n<div class=\"wp-block-group\"><div class=\"wp-block-group__inner-container is-layout-constrained wp-block-group-is-layout-constrained\"><div class=\"wp-block-image\">\n<figure class=\"aligncenter is-resized\"><img loading=\"lazy\" decoding=\"async\" width=\"300\" height=\"300\" src=\"https:\/\/raluxsolar.com\/2023\/wp-content\/uploads\/2023\/12\/made-in-italy.png\" alt=\"\" class=\"wp-image-287\" style=\"width:125px;height:auto\" srcset=\"https:\/\/raluxsolar.com\/2023\/wp-content\/uploads\/2023\/12\/made-in-italy.png 300w, https:\/\/raluxsolar.com\/2023\/wp-content\/uploads\/2023\/12\/made-in-italy-150x150.png 150w\" sizes=\"auto, (max-width: 300px) 100vw, 300px\" \/><\/figure>\n<\/div>\n\n\n<h3 class=\"wp-block-heading has-text-align-center has-neve-link-color-color has-text-color has-link-color has-x-large-font-size wp-elements-9fc2dbfdf3fb6250770211090399872d\">100%<\/h3>\n\n\n\n<p class=\"has-text-align-center has-medium-font-size\">Made in Italy<\/p>\n<\/div><\/div>\n<\/div>\n\n\n\n<div class=\"wp-block-column is-layout-flow wp-block-column-is-layout-flow\">\n<div class=\"wp-block-group\"><div class=\"wp-block-group__inner-container is-layout-constrained wp-block-group-is-layout-constrained\"><div class=\"wp-block-image\">\n<figure class=\"aligncenter size-full is-resized\"><img loading=\"lazy\" decoding=\"async\" width=\"300\" height=\"300\" src=\"https:\/\/raluxsolar.com\/2023\/wp-content\/uploads\/2023\/12\/diseno-y-catalogo.png\" alt=\"\" class=\"wp-image-288\" style=\"width:125px;height:auto\" srcset=\"https:\/\/raluxsolar.com\/2023\/wp-content\/uploads\/2023\/12\/diseno-y-catalogo.png 300w, https:\/\/raluxsolar.com\/2023\/wp-content\/uploads\/2023\/12\/diseno-y-catalogo-150x150.png 150w\" sizes=\"auto, (max-width: 300px) 100vw, 300px\" \/><\/figure>\n<\/div>\n\n\n<h3 class=\"wp-block-heading has-text-align-center has-neve-link-color-color has-text-color has-link-color has-x-large-font-size wp-elements-24c743f52ddacec4a219fd6a51659cee\">+30<\/h3>\n\n\n\n<p class=\"has-text-align-center has-medium-font-size\">Systems in the catalog<\/p>\n<\/div><\/div>\n<\/div>\n\n\n\n<div class=\"wp-block-column is-layout-flow wp-block-column-is-layout-flow\">\n<div class=\"wp-block-group\"><div class=\"wp-block-group__inner-container is-layout-constrained wp-block-group-is-layout-constrained\"><div class=\"wp-block-image\">\n<figure class=\"aligncenter size-full is-resized\"><img loading=\"lazy\" decoding=\"async\" width=\"300\" height=\"300\" src=\"https:\/\/raluxsolar.com\/2023\/wp-content\/uploads\/2023\/12\/certificado.png\" alt=\"\" class=\"wp-image-289\" style=\"width:125px;height:auto\" srcset=\"https:\/\/raluxsolar.com\/2023\/wp-content\/uploads\/2023\/12\/certificado.png 300w, https:\/\/raluxsolar.com\/2023\/wp-content\/uploads\/2023\/12\/certificado-150x150.png 150w\" sizes=\"auto, (max-width: 300px) 100vw, 300px\" \/><\/figure>\n<\/div>\n\n\n<h3 class=\"wp-block-heading has-text-align-center has-neve-link-color-color has-text-color has-link-color has-x-large-font-size wp-elements-9fc2dbfdf3fb6250770211090399872d\">100%<\/h3>\n\n\n\n<p class=\"has-text-align-center has-medium-font-size\">Patented systems<\/p>\n<\/div><\/div>\n<\/div>\n<\/div>\n\n\n\n<div class=\"wp-block-cover alignfull\" style=\"min-height:250px;aspect-ratio:unset;\"><span aria-hidden=\"true\" class=\"wp-block-cover__background has-background-dim\"><\/span><img loading=\"lazy\" decoding=\"async\" width=\"2129\" height=\"1130\" class=\"wp-block-cover__image-background wp-image-1560\" alt=\"\" src=\"https:\/\/raluxsolar.com\/2023\/wp-content\/uploads\/2024\/01\/IMG_20240109_143330-scaled-e1705935414675.jpg\" style=\"object-position:61% 43%\" data-object-fit=\"cover\" data-object-position=\"61% 43%\" srcset=\"https:\/\/raluxsolar.com\/2023\/wp-content\/uploads\/2024\/01\/IMG_20240109_143330-scaled-e1705935414675.jpg 2129w, https:\/\/raluxsolar.com\/2023\/wp-content\/uploads\/2024\/01\/IMG_20240109_143330-scaled-e1705935414675-300x159.jpg 300w, https:\/\/raluxsolar.com\/2023\/wp-content\/uploads\/2024\/01\/IMG_20240109_143330-scaled-e1705935414675-1024x544.jpg 1024w, https:\/\/raluxsolar.com\/2023\/wp-content\/uploads\/2024\/01\/IMG_20240109_143330-scaled-e1705935414675-768x408.jpg 768w, https:\/\/raluxsolar.com\/2023\/wp-content\/uploads\/2024\/01\/IMG_20240109_143330-scaled-e1705935414675-1536x815.jpg 1536w, https:\/\/raluxsolar.com\/2023\/wp-content\/uploads\/2024\/01\/IMG_20240109_143330-scaled-e1705935414675-2048x1087.jpg 2048w\" sizes=\"auto, (max-width: 2129px) 100vw, 2129px\" \/><div class=\"wp-block-cover__inner-container is-layout-constrained wp-block-cover-is-layout-constrained\">\n<p class=\"has-text-align-center\" style=\"font-size:28px\">Nuestras estructuras se crean teniendo en cuenta las particularidades de cada proyecto. <\/p>\n\n\n\n<p class=\"has-text-align-center\" style=\"font-size:23px\">No importa el tama\u00f1o, forma o ubicaci\u00f3n, adaptamos cada detalle para optimizar la captura de energ\u00eda solar.<\/p>\n<\/div><\/div>\n\n\n\n<div class=\"wp-block-cover alignfull has-parallax\" style=\"min-height:160px;aspect-ratio:unset;\"><span aria-hidden=\"true\" class=\"wp-block-cover__background has-nv-light-bg-background-color has-background-dim-90 has-background-dim\"><\/span><div role=\"img\" class=\"wp-block-cover__image-background wp-image-299 has-parallax\" style=\"background-position:50% 50%;background-image:url(https:\/\/raluxsolar.com\/2023\/wp-content\/uploads\/2023\/12\/logo-negro.png)\"><\/div><div class=\"wp-block-cover__inner-container is-layout-constrained wp-block-cover-is-layout-constrained\">\n<div style=\"height:25px\" aria-hidden=\"true\" class=\"wp-block-spacer\"><\/div>\n\n\n\n<div class=\"wp-block-columns alignfull is-layout-flex wp-container-core-columns-is-layout-9d6595d7 wp-block-columns-is-layout-flex\">\n<div class=\"wp-block-column is-layout-flow wp-block-column-is-layout-flow\" style=\"padding-right:var(--wp--preset--spacing--20);padding-left:var(--wp--preset--spacing--20);flex-basis:100%\">\n<h4 class=\"wp-block-heading has-text-align-center has-neve-link-color-color has-text-color has-link-color has-medium-font-size wp-elements-4e600ae901c6b420eabbe54f24aa8fd1\" style=\"font-style:normal;font-weight:600;text-transform:uppercase\">Proyectos energ\u00eda solar de referencia<\/h4>\n\n\n\n<div class=\"slider\">\n\t<div class=\"slide-track\">\n\t\t<div class=\"slide\">\n\t\t\t<img loading=\"lazy\" decoding=\"async\" src=\"https:\/\/raluxsolar.com\/2023\/wp-content\/uploads\/2023\/12\/sabritas.png\" height=\"100\" width=\"250\" alt=\"\" \/>\n\t\t<\/div>\n\t\t<div class=\"slide\">\n\t\t\t<img loading=\"lazy\" decoding=\"async\" src=\"https:\/\/raluxsolar.com\/2023\/wp-content\/uploads\/2023\/12\/panasonic.png\" height=\"100\" width=\"250\" alt=\"\" \/>\n\t\t<\/div>\n\t\t<div class=\"slide\">\n\t\t\t<img loading=\"lazy\" decoding=\"async\" src=\"https:\/\/raluxsolar.com\/2023\/wp-content\/uploads\/2023\/12\/ompi.png\" height=\"100\" width=\"250\" alt=\"\" \/>\n\t\t<\/div>\n\t\t<div class=\"slide\">\n\t\t\t<img loading=\"lazy\" decoding=\"async\" src=\"https:\/\/raluxsolar.com\/2023\/wp-content\/uploads\/2023\/12\/olimpica.png\" height=\"100\" width=\"250\" alt=\"\" \/>\n\t\t<\/div>\n\t\t<div class=\"slide\">\n\t\t\t<img loading=\"lazy\" decoding=\"async\" src=\"https:\/\/raluxsolar.com\/2023\/wp-content\/uploads\/2023\/12\/liverool.png\" height=\"100\" width=\"250\" alt=\"\" \/>\n\t\t<\/div>\n\t\t<div class=\"slide\">\n\t\t\t<img loading=\"lazy\" decoding=\"async\" src=\"https:\/\/raluxsolar.com\/2023\/wp-content\/uploads\/2023\/12\/Isa-conexiones.png\" height=\"100\" width=\"250\" alt=\"\" \/>\n\t\t<\/div>\n\t\t<div class=\"slide\">\n\t\t\t<img loading=\"lazy\" decoding=\"async\" src=\"https:\/\/raluxsolar.com\/2023\/wp-content\/uploads\/2023\/12\/ikea.png\" height=\"100\" width=\"250\" alt=\"\" \/>\n\t\t<\/div>\n\t\t<div class=\"slide\">\n\t\t\t<img loading=\"lazy\" decoding=\"async\" src=\"https:\/\/raluxsolar.com\/2023\/wp-content\/uploads\/2023\/12\/coppel.png\" height=\"100\" width=\"250\" alt=\"\" \/>\n\t\t<\/div>\n\t\t<div class=\"slide\">\n\t\t\t<img loading=\"lazy\" decoding=\"async\" src=\"https:\/\/raluxsolar.com\/2023\/wp-content\/uploads\/2023\/12\/brembo.png\" height=\"100\" width=\"250\" alt=\"\" \/>\n\t\t<\/div>\n\t\t<div class=\"slide\">\n\t\t\t<img loading=\"lazy\" decoding=\"async\" src=\"https:\/\/raluxsolar.com\/2023\/wp-content\/uploads\/2023\/12\/ara.png\" height=\"100\" width=\"250\" alt=\"\" \/>\n\t\t<\/div>\n<div class=\"slide\">\n\t\t\t<img loading=\"lazy\" decoding=\"async\" src=\"https:\/\/raluxsolar.com\/2023\/wp-content\/uploads\/2023\/12\/plenitude.png\" height=\"100\" width=\"250\" alt=\"\" \/>\n\t\t<\/div>\n<div class=\"slide\">\n\t\t\t<img loading=\"lazy\" decoding=\"async\" src=\"https:\/\/raluxsolar.com\/2023\/wp-content\/uploads\/2023\/12\/ara.png\" height=\"100\" width=\"250\" alt=\"\" \/>\n\t\t<\/div>\n\t<\/div>\n<\/div>\n<\/div>\n<\/div>\n<\/div><\/div>\n\n\n\n<div class=\"wp-block-cover alignfull\"><span aria-hidden=\"true\" class=\"wp-block-cover__background has-neve-text-color-background-color has-background-dim-100 has-background-dim\"><\/span><div class=\"wp-block-cover__inner-container is-layout-constrained wp-block-cover-is-layout-constrained\"><div class=\"wp-block-image\">\n<figure class=\"aligncenter size-large\"><img loading=\"lazy\" decoding=\"async\" width=\"1024\" height=\"435\" src=\"https:\/\/raluxsolar.com\/2023\/wp-content\/uploads\/2024\/01\/mundo-ralux2-1024x435.png\" alt=\"\" class=\"wp-image-1465\" srcset=\"https:\/\/raluxsolar.com\/2023\/wp-content\/uploads\/2024\/01\/mundo-ralux2-1024x435.png 1024w, https:\/\/raluxsolar.com\/2023\/wp-content\/uploads\/2024\/01\/mundo-ralux2-300x127.png 300w, https:\/\/raluxsolar.com\/2023\/wp-content\/uploads\/2024\/01\/mundo-ralux2-768x326.png 768w, https:\/\/raluxsolar.com\/2023\/wp-content\/uploads\/2024\/01\/mundo-ralux2-1536x652.png 1536w, https:\/\/raluxsolar.com\/2023\/wp-content\/uploads\/2024\/01\/mundo-ralux2.png 1920w\" sizes=\"auto, (max-width: 1024px) 100vw, 1024px\" \/><\/figure>\n<\/div><\/div><\/div>\n","protected":false},"excerpt":{"rendered":"<p>25 Years of warranty 100% Made in Italy +30 Systems in the catalog 100% Patented systems<\/p>\n","protected":false},"author":1,"featured_media":0,"parent":0,"menu_order":0,"comment_status":"closed","ping_status":"closed","template":"","meta":{"_editorskit_title_hidden":false,"_editorskit_reading_time":0,"_editorskit_is_block_options_detached":false,"_editorskit_block_options_position":"{}","_coblocks_attr":"","_coblocks_dimensions":"","_coblocks_responsive_height":"","_coblocks_accordion_ie_support":"","neve_meta_sidebar":"","neve_meta_container":"","neve_meta_enable_content_width":"","neve_meta_content_width":0,"neve_meta_title_alignment":"","neve_meta_author_avatar":"","neve_post_elements_order":"","neve_meta_disable_header":"","neve_meta_disable_footer":"","neve_meta_disable_title":"on","neve_meta_reading_time":"","footnotes":""},"class_list":["post-3089","page","type-page","status-publish","hentry"],"_links":{"self":[{"href":"https:\/\/raluxsolar.com\/2023\/en\/wp-json\/wp\/v2\/pages\/3089","targetHints":{"allow":["GET"]}}],"collection":[{"href":"https:\/\/raluxsolar.com\/2023\/en\/wp-json\/wp\/v2\/pages"}],"about":[{"href":"https:\/\/raluxsolar.com\/2023\/en\/wp-json\/wp\/v2\/types\/page"}],"author":[{"embeddable":true,"href":"https:\/\/raluxsolar.com\/2023\/en\/wp-json\/wp\/v2\/users\/1"}],"replies":[{"embeddable":true,"href":"https:\/\/raluxsolar.com\/2023\/en\/wp-json\/wp\/v2\/comments?post=3089"}],"version-history":[{"count":4,"href":"https:\/\/raluxsolar.com\/2023\/en\/wp-json\/wp\/v2\/pages\/3089\/revisions"}],"predecessor-version":[{"id":3130,"href":"https:\/\/raluxsolar.com\/2023\/en\/wp-json\/wp\/v2\/pages\/3089\/revisions\/3130"}],"wp:attachment":[{"href":"https:\/\/raluxsolar.com\/2023\/en\/wp-json\/wp\/v2\/media?parent=3089"}],"curies":[{"name":"wp","href":"https:\/\/api.w.org\/{rel}","templated":true}]}}